{"id":949,"date":"2018-03-08T11:28:54","date_gmt":"2018-03-08T10:28:54","guid":{"rendered":"https:\/\/www.mtapia.es\/es\/?page_id=949"},"modified":"2019-09-27T09:40:00","modified_gmt":"2019-09-27T07:40:00","slug":"aviso-legal","status":"publish","type":"page","link":"https:\/\/www.mtapia.es\/es\/aviso-legal\/","title":{"rendered":"Aviso legal"},"content":{"rendered":"<p class=\"texto mt-4\">MIGUEL TAPIA, S.L., provisto con NIF\/CIF B91288050, direccio\u0301n Crtra. Torre De La Reina Guillena Km 5.8, 41210 &#8211; Guillena (Sevilla), no puede asumir ninguna responsabilidad derivada del uso incorrecto, inapropiado o ili\u0301cito de la informacio\u0301n aparecida en las pa\u0301ginas de Internet de www.mtapia.es\/es<\/p>\n<p class=\"texto\">Con los li\u0301mites establecidos en la ley, www.mtapia.es\/es no asume ninguna responsabilidad derivada de la falta de veracidad, integridad, actualizacio\u0301n y precisio\u0301n de los datos o informaciones que se contienen en sus pa\u0301ginas de Internet.<\/p>\n<p class=\"texto\">Los contenidos e informacio\u0301n no vinculan a www.mtapia.es\/es ni constituyen opiniones, consejos o asesoramiento legal de ningu\u0301n tipo pues se trata meramente de un servicio ofrecido con cara\u0301cter informativo y divulgativo.<\/p>\n<p class=\"texto\">Las pa\u0301ginas de Internet de www.mtapia.es\/es pueden contener enlaces (links) a otras pa\u0301ginas de terceras partes que www.mtapia.es\/es no puede controlar. Por lo tanto, www.mtapia.es\/es no puede asumir responsabilidades por el contenido que pueda aparecer en pa\u0301ginas de terceros.<\/p>\n<p class=\"texto\">Los textos, ima\u0301genes, sonidos, animaciones, software y el resto de contenidos incluidos en este website son propiedad exclusiva de www.mtapia.es\/es o sus licenciantes. Cualquier acto de transmisio\u0301n, distribucio\u0301n, cesio\u0301n, reproduccio\u0301n, almacenamiento o comunicacio\u0301n pu\u0301blica total o parcial, debe contar con el consentimiento expreso de www.mtapia.es\/es.<\/p>\n<p class=\"texto\">Asimismo, para acceder a algunos de los servicios que www.mtapia.es\/es ofrece a trave\u0301s del website debera\u0301 proporcionar algunos datos de cara\u0301cter personal. En cumplimiento de lo establecido en el Reglamento (UE) 2016\/679 del Parlamento Europeo y del Consejo, de 27 de abril de 2016, relativo a la proteccio\u0301n de las personas fi\u0301sicas en lo que respecta al tratamiento de datos personales y a la libre circulacio\u0301n de estos datos le informamos que, mediante la cumplimentacio\u0301n de los presentes formularios, sus datos personales quedara\u0301n incorporados y sera\u0301n tratados en los ficheros de MIGUEL TAPIA, S.L. con el fin de poderle prestar y ofrecer nuestros servicios asi\u0301 como para informarle de las mejoras del sitio Web. Asimismo, le informamos de la posibilidad de que ejerza los derechos de acceso, rectificacio\u0301n, cancelacio\u0301n y oposicio\u0301n de sus datos de cara\u0301cter personal, manera gratuita mediante email a oficina@mtapia.es o en la direccio\u0301n Crtra. Torre De La Reina Guillena Km 5.8, 41210 &#8211; Guillena (Sevilla).<\/p>\n","protected":false},"excerpt":{"rendered":"<p>MIGUEL TAPIA, S.L., provisto con NIF\/CIF B91288050, direccio\u0301n Crtra. Torre De La Reina Guillena Km 5.8, 41210 &#8211; Guillena (Sevilla), no puede asumir ninguna responsabilidad derivada del uso incorrecto, inapropiado o ili\u0301cito de la informacio\u0301n aparecida en las pa\u0301ginas de Internet de www.mtapia.es\/es Con los li\u0301mites establecidos en la ley, www.mtapia.es\/es no asume ninguna responsabilidad [&#8230;]<\/p>\n<p><a class=\"btn btn-secondary understrap-read-more-link\" href=\"https:\/\/www.mtapia.es\/es\/aviso-legal\/\">Leer m\u00e1s&#8230;<\/a><\/p>\n","protected":false},"author":2,"featured_media":0,"parent":0,"menu_order":0,"comment_status":"closed","ping_status":"closed","template":"","meta":{"footnotes":""},"yoast_head":"<!-- This site is optimized with the Yoast SEO plugin v18.4.1 - https:\/\/yoast.com\/wordpress\/plugins\/seo\/ -->\n<title>Aviso legal de Miguel Tapia Food Service - Mayorista distribuidor de alimentos congelados<\/title>\n<meta name=\"description\" content=\"En mtapia.es, en adelante\u00a0\u2018este sitio web\u2019, respetamos su informaci\u00f3n personal y en vista de cumplir con las pol\u00edticas de seguridad respectivas concernientes a todo sitio web, que deber\u00edan ser obligatorias, informo a ustedes lo siguiente. Accede a nuestros avisos legales y pol\u00edtica de cookies.\" \/>\n<meta name=\"robots\" content=\"noindex, nofollow\" \/>\n<meta property=\"og:locale\" content=\"es_ES\" \/>\n<meta property=\"og:type\" content=\"article\" \/>\n<meta property=\"og:title\" content=\"Aviso legal de Miguel Tapia Food Service - Mayorista distribuidor de alimentos congelados\" \/>\n<meta property=\"og:description\" content=\"En mtapia.es, en adelante\u00a0\u2018este sitio web\u2019, respetamos su informaci\u00f3n personal y en vista de cumplir con las pol\u00edticas de seguridad respectivas concernientes a todo sitio web, que deber\u00edan ser obligatorias, informo a ustedes lo siguiente. Accede a nuestros avisos legales y pol\u00edtica de cookies.\" \/>\n<meta property=\"og:url\" content=\"https:\/\/www.mtapia.es\/es\/aviso-legal\/\" \/>\n<meta property=\"og:site_name\" content=\"Tapia\" \/>\n<meta property=\"article:modified_time\" content=\"2019-09-27T07:40:00+00:00\" \/>\n<meta name=\"twitter:label1\" content=\"Tiempo de lectura\" \/>\n\t<meta name=\"twitter:data1\" content=\"2 minutos\" \/>\n<script type=\"application\/ld+json\" class=\"yoast-schema-graph\">{\"@context\":\"https:\/\/schema.org\",\"@graph\":[{\"@type\":\"WebSite\",\"@id\":\"https:\/\/www.mtapia.es\/es\/#website\",\"url\":\"https:\/\/www.mtapia.es\/es\/\",\"name\":\"Tapia\",\"description\":\"\",\"potentialAction\":[{\"@type\":\"SearchAction\",\"target\":{\"@type\":\"EntryPoint\",\"urlTemplate\":\"https:\/\/www.mtapia.es\/es\/?s={search_term_string}\"},\"query-input\":\"required name=search_term_string\"}],\"inLanguage\":\"es\"},{\"@type\":\"WebPage\",\"@id\":\"https:\/\/www.mtapia.es\/es\/aviso-legal\/#webpage\",\"url\":\"https:\/\/www.mtapia.es\/es\/aviso-legal\/\",\"name\":\"Aviso legal de Miguel Tapia Food Service - Mayorista distribuidor de alimentos congelados\",\"isPartOf\":{\"@id\":\"https:\/\/www.mtapia.es\/es\/#website\"},\"datePublished\":\"2018-03-08T10:28:54+00:00\",\"dateModified\":\"2019-09-27T07:40:00+00:00\",\"description\":\"En mtapia.es, en adelante\u00a0\u2018este sitio web\u2019, respetamos su informaci\u00f3n personal y en vista de cumplir con las pol\u00edticas de seguridad respectivas concernientes a todo sitio web, que deber\u00edan ser obligatorias, informo a ustedes lo siguiente. Accede a nuestros avisos legales y pol\u00edtica de cookies.\",\"breadcrumb\":{\"@id\":\"https:\/\/www.mtapia.es\/es\/aviso-legal\/#breadcrumb\"},\"inLanguage\":\"es\",\"potentialAction\":[{\"@type\":\"ReadAction\",\"target\":[\"https:\/\/www.mtapia.es\/es\/aviso-legal\/\"]}]},{\"@type\":\"BreadcrumbList\",\"@id\":\"https:\/\/www.mtapia.es\/es\/aviso-legal\/#breadcrumb\",\"itemListElement\":[{\"@type\":\"ListItem\",\"position\":1,\"name\":\"Portada\",\"item\":\"https:\/\/www.mtapia.es\/es\/\"},{\"@type\":\"ListItem\",\"position\":2,\"name\":\"Aviso legal\"}]}]}<\/script>\n<!-- \/ Yoast SEO plugin. -->","yoast_head_json":{"title":"Aviso legal de Miguel Tapia Food Service - Mayorista distribuidor de alimentos congelados","description":"En mtapia.es, en adelante\u00a0\u2018este sitio web\u2019, respetamos su informaci\u00f3n personal y en vista de cumplir con las pol\u00edticas de seguridad respectivas concernientes a todo sitio web, que deber\u00edan ser obligatorias, informo a ustedes lo siguiente. Accede a nuestros avisos legales y pol\u00edtica de cookies.","robots":{"index":"noindex","follow":"nofollow"},"og_locale":"es_ES","og_type":"article","og_title":"Aviso legal de Miguel Tapia Food Service - Mayorista distribuidor de alimentos congelados","og_description":"En mtapia.es, en adelante\u00a0\u2018este sitio web\u2019, respetamos su informaci\u00f3n personal y en vista de cumplir con las pol\u00edticas de seguridad respectivas concernientes a todo sitio web, que deber\u00edan ser obligatorias, informo a ustedes lo siguiente. Accede a nuestros avisos legales y pol\u00edtica de cookies.","og_url":"https:\/\/www.mtapia.es\/es\/aviso-legal\/","og_site_name":"Tapia","article_modified_time":"2019-09-27T07:40:00+00:00","twitter_misc":{"Tiempo de lectura":"2 minutos"},"schema":{"@context":"https:\/\/schema.org","@graph":[{"@type":"WebSite","@id":"https:\/\/www.mtapia.es\/es\/#website","url":"https:\/\/www.mtapia.es\/es\/","name":"Tapia","description":"","potentialAction":[{"@type":"SearchAction","target":{"@type":"EntryPoint","urlTemplate":"https:\/\/www.mtapia.es\/es\/?s={search_term_string}"},"query-input":"required name=search_term_string"}],"inLanguage":"es"},{"@type":"WebPage","@id":"https:\/\/www.mtapia.es\/es\/aviso-legal\/#webpage","url":"https:\/\/www.mtapia.es\/es\/aviso-legal\/","name":"Aviso legal de Miguel Tapia Food Service - Mayorista distribuidor de alimentos congelados","isPartOf":{"@id":"https:\/\/www.mtapia.es\/es\/#website"},"datePublished":"2018-03-08T10:28:54+00:00","dateModified":"2019-09-27T07:40:00+00:00","description":"En mtapia.es, en adelante\u00a0\u2018este sitio web\u2019, respetamos su informaci\u00f3n personal y en vista de cumplir con las pol\u00edticas de seguridad respectivas concernientes a todo sitio web, que deber\u00edan ser obligatorias, informo a ustedes lo siguiente. Accede a nuestros avisos legales y pol\u00edtica de cookies.","breadcrumb":{"@id":"https:\/\/www.mtapia.es\/es\/aviso-legal\/#breadcrumb"},"inLanguage":"es","potentialAction":[{"@type":"ReadAction","target":["https:\/\/www.mtapia.es\/es\/aviso-legal\/"]}]},{"@type":"BreadcrumbList","@id":"https:\/\/www.mtapia.es\/es\/aviso-legal\/#breadcrumb","itemListElement":[{"@type":"ListItem","position":1,"name":"Portada","item":"https:\/\/www.mtapia.es\/es\/"},{"@type":"ListItem","position":2,"name":"Aviso legal"}]}]}},"_links":{"self":[{"href":"https:\/\/www.mtapia.es\/es\/wp-json\/wp\/v2\/pages\/949"}],"collection":[{"href":"https:\/\/www.mtapia.es\/es\/wp-json\/wp\/v2\/pages"}],"about":[{"href":"https:\/\/www.mtapia.es\/es\/wp-json\/wp\/v2\/types\/page"}],"author":[{"embeddable":true,"href":"https:\/\/www.mtapia.es\/es\/wp-json\/wp\/v2\/users\/2"}],"replies":[{"embeddable":true,"href":"https:\/\/www.mtapia.es\/es\/wp-json\/wp\/v2\/comments?post=949"}],"version-history":[{"count":3,"href":"https:\/\/www.mtapia.es\/es\/wp-json\/wp\/v2\/pages\/949\/revisions"}],"predecessor-version":[{"id":1141,"href":"https:\/\/www.mtapia.es\/es\/wp-json\/wp\/v2\/pages\/949\/revisions\/1141"}],"wp:attachment":[{"href":"https:\/\/www.mtapia.es\/es\/wp-json\/wp\/v2\/media?parent=949"}],"curies":[{"name":"wp","href":"https:\/\/api.w.org\/{rel}","templated":true}]}}