{"id":7,"date":"2017-10-31T08:42:38","date_gmt":"2017-10-31T08:42:38","guid":{"rendered":"https:\/\/www.mtapia.es\/es\/?page_id=7"},"modified":"2024-02-22T14:42:07","modified_gmt":"2024-02-22T13:42:07","slug":"yo-soy-tapia","status":"publish","type":"page","link":"https:\/\/www.mtapia.es\/es\/yo-soy-tapia\/","title":{"rendered":"Yo soy Tapia"},"content":{"rendered":"<h1 class=\"fondo-titulo titulo-conocenos text-center\">YO SOY TAPIA<\/h1>\n<section class=\"container mt-5 mb-5\">\n<div class=\"row\">\n<div class=\"col-md-6\">\n<p class=\"texto\">CONGELADOS MIGUEL TAPIA es una de las m\u00e1s importantes empresas de productos congelados en Andaluc\u00eda y Extremadura especializada en la distribuci\u00f3n de este tipo de alimentos. Compa\u00f1\u00eda familiar que siempre ha tenido un objetivo: ofrecer calidad y buen servicio a quienes conf\u00edan en nosotros. Nuestros valores nos han ayudado a seguir creciendo y mejorando d\u00eda tras d\u00eda.<\/p>\n<p class=\"texto\">En nuestras modernas instalaciones de 10.000 metros cuadrados de fr\u00edo disponemos de una capacidad de almacenamiento para seis millones de kilos de mercanc\u00eda congelada. Asimismo, tambi\u00e9n contamos con una flota de 28 camiones, 15 muelles de carga y un cat\u00e1logo de m\u00e1s de 2.500 referencias de productos variados que nos hacen ser referentes en el mercado andaluz.<\/p>\n<p class=\"texto\">Nos avalan m\u00e1s de 200 proveedores de confianza. Todo ello sin olvidarnos de lo que para nosotros es el pilar de nuestro negocio: LOS CLIENTES.<\/p>\n<\/div>\n<div class=\"col-md-6\"><iframe loading=\"lazy\" class=\"video\" src=\"https:\/\/www.youtube.com\/embed\/YVETFufs0Tc?rel=0\" width=\"600\" height=\"315\" allowfullscreen=\"allowfullscreen\"><\/iframe><\/div>\n<\/div>\n<section class=\"mt-5 mb-5\">\n<div class=\"row\">\n<div class=\"col-md-6 fondo-historia\">\u00a0<\/div>\n<div class=\"col-md-6 fondo-gris\">\n<div class=\"espacio-3\">\n<h2 class=\"wow fadeInDown\">Un poco de historia&#8230;<\/h2>\n<p class=\"texto\">Nuestra entidad surgi\u00f3 gracias a la ilusi\u00f3n de nuestro fundador, Miguel Tapia, y su mujer, Pepa. Ambos so\u00f1aban con abrir un peque\u00f1o establecimiento en San Jos\u00e9 de la Rinconada (Sevilla), donde vender comestibles en 1965.<\/p>\n<p class=\"texto\">El esp\u00edritu emprendedor de ambos hizo que el negocio despuntara en 1968, cuando comenzaron a repartir los primeros alimentos congelados de Andaluc\u00eda en una humilde furgoneta.<\/p>\n<p class=\"texto\">Desde entonces y hasta hoy, este esp\u00edritu emprendedor acompa\u00f1a nuestra singladura.<\/p>\n<span class=\"collapseomatic \" id=\"id69ecd1f396c8b\"  tabindex=\"0\" title=\"Leer m\u00e1s\"    >Leer m\u00e1s<\/span><div id=\"target-id69ecd1f396c8b\" class=\"collapseomatic_content \">\n<p class=\"texto\">En 2003 se construyeron las nuevas y modernas instalaciones, lo que hoy d\u00eda es Miguel Tapia, S.L, y se traslad\u00f3 el negocio al municipio sevillano de Guillena.<\/p>\n<p class=\"texto\">Desde 2010 la gerencia ha sido asumida por Miguel Tapia hijo, que comparte con su progenitor la misma pasi\u00f3n, ilusi\u00f3n, disciplina y rigor que caracteriza al negocio. Adem\u00e1s, la tercera generaci\u00f3n familiar ya forma parte de la plantilla, lo cual garantiza el futuro y la fidelidad de la empresa con los valores del fundador Miguel Tapia Lobo.<\/p>\n<\/div>\n<\/div>\n<\/div>\n<\/div>\n<\/section>\n<section class=\"container mt-5 mb-5\">\n<div class=\"row\">\n<div class=\"col-md-4\">\n<h2 class=\"text-right wow fadeInLeft\">Referente entre las empresas de productos congelados en Andaluc\u00eda<\/h2>\n<\/div>\n<div class=\"col-md-8\">\n<p class=\"texto\">En la actualidad, contamos con una amplia cartera de clientes tanto de mayoristas como de minoristas que conf\u00edan en nosotros y en nuestras referencias.<\/p>\n<p class=\"texto\">Desde 2012 tenemos presencia activa en MERCASEVILLA, superando las expectativas. Si bien, podemos decir sin temor a equivocarnos que fuimos precursores en introducir en esta superficie una nueva visi\u00f3n del MERCADO MAYORISTA DEL CONGELADO, ampliando gamas de productos y el volumen de este negocio.<\/p>\n<p class=\"texto\">Desde 2015 abastecemos diariamente importantes cadenas de supermercados a nivel regional con m\u00e1s de 250 puntos de venta.<\/p>\n<span class=\"collapseomatic \" id=\"id69ecd1f396d01\"  tabindex=\"0\" title=\"Leer m\u00e1s\"    >Leer m\u00e1s<\/span><div id=\"target-id69ecd1f396d01\" class=\"collapseomatic_content \">\n<p class=\"texto\">Marcas como McCain, Marfr\u00edo, Findus, Eurofrits, Priel\u00e1, etc. Nos acompa\u00f1an desde el principio sin perder la confianza depositada en nosotros.<\/p>\n<p class=\"texto\">Nuestras 50 rutas est\u00e1n repartidas por Sevilla, Huelva, C\u00e1diz, C\u00f3rdoba y diferentes puntos de Extremadura.<\/p>\n<p class=\"texto\">En tiempos de crisis hemos hecho frente a la inestabilidad del mercado, superando este escollo con la ilusi\u00f3n y el m\u00e1ximo esfuerzo de nuestro equipo de ventas.<\/p>\n<p class=\"texto\">Todo este crecimiento dentro del sector de las empresas de productos congelados en Andaluc\u00eda y Extremadura se ha debido, en gran parte, a los valores que promocionamos. Lo primero que nos proponemos es mantener a los clientes felices a trav\u00e9s de una atenci\u00f3n personalizada, haci\u00e9ndonos responsables de todos los retos que nos propongan con perseverancia y fidelidad. Tambi\u00e9n tenemos el compromiso de ir aprendiendo con cada paso que damos e ir innovando para aumentar la calidad de todos nuestros servicios.<\/p>\n<p class=\"texto\">Nuestros planes de futuro incluyen seguir ampliando el \u00e1mbito del negocio, invertir en nuevas tecnolog\u00edas para mejorar el servicio y los controles de almac\u00e9n , ampliar rutas por toda Andaluc\u00eda e incluso traspasar las fronteras a nuestro pa\u00eds vecino Portugal.<\/p>\n<p class=\"texto\">Creamos empleo estable. Nuestra plantilla media supera los 70 empleados. En esta l\u00ednea, nuestro objetivo es contratar a personas que quieran formar parte de esta gran familia que ya somos.<\/p>\n<p class=\"texto\">Las mujeres forman parte de los cargos m\u00e1s relevantes de la empresa. Se encuentran equiparadas en los puestos directivos y en la toma de decisiones empresariales.<\/p>\n<p>\u00a0<\/p>\n<\/div>\n<\/div>\n<\/div>\n<\/section>\n<section class=\"fondo-azul mt-5\">\n<div class=\"row\">\n<div class=\"col-md-9\">\n<div class=\"espacio-1\">\n<h4 class=\"text-center no-margin\">Conf\u00eda en nosotros porque siempre fuimos, somos y seremos L\u00cdDERES DEL SECTOR DEL CONGELADO<\/h4>\n<\/div>\n<\/div>\n<div class=\"col-md-3\">\n<div class=\"espacio-1 text-center\"><a class=\"btn btn-primary text-center wow fadeInRight\" href=\"https:\/\/www.mtapia.es\/es\/contacto\/\">CONTACTAR<\/a><\/div>\n<\/div>\n<\/div>\n<\/section>\n<\/section>\n\n\n<figure class=\"wp-block-pullquote\"><blockquote><p><\/p><\/blockquote><\/figure>\n\n\n\n<figure class=\"wp-block-image size-full\"><img  title=\"Yo soy Tapia - Tapia Food Services\" loading=\"lazy\" decoding=\"async\" width=\"940\" height=\"788\" src=\"https:\/\/www.mtapia.es\/es\/wp-content\/uploads\/2024\/02\/Miguel-Tapia-S.L.-ha-recibido-una-ayuda-de-la-Union-Europea-con-cargo-al-Programa-Operativo-FEDER-de-Andalucia-2014-2020-financiada-como-parte-de-la-respuesta-de-la-Union-a-la-pandemia-de-COVID-1.jpg\"  alt=\"Yo soy Tapia - Tapia Food Services\"  class=\"wp-image-1193\"\/><\/figure>\n\n\n\n<p><\/p>\n","protected":false},"excerpt":{"rendered":"<p>YO SOY TAPIA CONGELADOS MIGUEL TAPIA es una de las m\u00e1s importantes empresas de productos congelados en Andaluc\u00eda y Extremadura especializada en la distribuci\u00f3n de este tipo de alimentos. Compa\u00f1\u00eda familiar que siempre ha tenido un objetivo: ofrecer calidad y buen servicio a quienes conf\u00edan en nosotros. Nuestros valores nos han ayudado a seguir creciendo [&#8230;]<\/p>\n<p><a class=\"btn btn-secondary understrap-read-more-link\" href=\"https:\/\/www.mtapia.es\/es\/yo-soy-tapia\/\">Leer m\u00e1s&#8230;<\/a><\/p>\n","protected":false},"author":2,"featured_media":0,"parent":0,"menu_order":0,"comment_status":"closed","ping_status":"closed","template":"page-templates\/empty.php","meta":{"footnotes":""},"yoast_head":"<!-- This site is optimized with the Yoast SEO plugin v18.4.1 - https:\/\/yoast.com\/wordpress\/plugins\/seo\/ -->\n<title>Referente entre las empresas de productos congelados en Andaluc\u00eda<\/title>\n<meta name=\"description\" content=\"En nuestras modernas instalaciones de 10.000 metros cuadrados de fr\u00edo disponemos de una capacidad de almacenamiento para seis millones de kilos de mercanc\u00eda congelada. Contamos con una flota de 28 camiones, 15 muelles de carga y un cat\u00e1logo de m\u00e1s de 2.500 referencias de productos variados que nos hacen ser referentes en el mercado andaluz.\" \/>\n<meta name=\"robots\" content=\"index, follow, max-snippet:-1, max-image-preview:large, max-video-preview:-1\" \/>\n<link rel=\"canonical\" href=\"https:\/\/www.mtapia.es\/es\/yo-soy-tapia\/\" \/>\n<meta property=\"og:locale\" content=\"es_ES\" \/>\n<meta property=\"og:type\" content=\"article\" \/>\n<meta property=\"og:title\" content=\"Referente entre las empresas de productos congelados en Andaluc\u00eda\" \/>\n<meta property=\"og:description\" content=\"En nuestras modernas instalaciones de 10.000 metros cuadrados de fr\u00edo disponemos de una capacidad de almacenamiento para seis millones de kilos de mercanc\u00eda congelada. Contamos con una flota de 28 camiones, 15 muelles de carga y un cat\u00e1logo de m\u00e1s de 2.500 referencias de productos variados que nos hacen ser referentes en el mercado andaluz.\" \/>\n<meta property=\"og:url\" content=\"https:\/\/www.mtapia.es\/es\/yo-soy-tapia\/\" \/>\n<meta property=\"og:site_name\" content=\"Tapia\" \/>\n<meta property=\"article:modified_time\" content=\"2024-02-22T13:42:07+00:00\" \/>\n<meta property=\"og:image\" content=\"https:\/\/www.mtapia.es\/es\/wp-content\/uploads\/2024\/02\/Miguel-Tapia-S.L.-ha-recibido-una-ayuda-de-la-Union-Europea-con-cargo-al-Programa-Operativo-FEDER-de-Andalucia-2014-2020-financiada-como-parte-de-la-respuesta-de-la-Union-a-la-pandemia-de-COVID-1.jpg\" \/>\n<meta name=\"twitter:label1\" content=\"Tiempo de lectura\" \/>\n\t<meta name=\"twitter:data1\" content=\"4 minutos\" \/>\n<script type=\"application\/ld+json\" class=\"yoast-schema-graph\">{\"@context\":\"https:\/\/schema.org\",\"@graph\":[{\"@type\":\"WebSite\",\"@id\":\"https:\/\/www.mtapia.es\/es\/#website\",\"url\":\"https:\/\/www.mtapia.es\/es\/\",\"name\":\"Tapia\",\"description\":\"\",\"potentialAction\":[{\"@type\":\"SearchAction\",\"target\":{\"@type\":\"EntryPoint\",\"urlTemplate\":\"https:\/\/www.mtapia.es\/es\/?s={search_term_string}\"},\"query-input\":\"required name=search_term_string\"}],\"inLanguage\":\"es\"},{\"@type\":\"ImageObject\",\"@id\":\"https:\/\/www.mtapia.es\/es\/yo-soy-tapia\/#primaryimage\",\"inLanguage\":\"es\",\"url\":\"https:\/\/www.mtapia.es\/es\/wp-content\/uploads\/2024\/02\/Miguel-Tapia-S.L.-ha-recibido-una-ayuda-de-la-Union-Europea-con-cargo-al-Programa-Operativo-FEDER-de-Andalucia-2014-2020-financiada-como-parte-de-la-respuesta-de-la-Union-a-la-pandemia-de-COVID-1.jpg\",\"contentUrl\":\"https:\/\/www.mtapia.es\/es\/wp-content\/uploads\/2024\/02\/Miguel-Tapia-S.L.-ha-recibido-una-ayuda-de-la-Union-Europea-con-cargo-al-Programa-Operativo-FEDER-de-Andalucia-2014-2020-financiada-como-parte-de-la-respuesta-de-la-Union-a-la-pandemia-de-COVID-1.jpg\",\"width\":940,\"height\":788},{\"@type\":\"WebPage\",\"@id\":\"https:\/\/www.mtapia.es\/es\/yo-soy-tapia\/#webpage\",\"url\":\"https:\/\/www.mtapia.es\/es\/yo-soy-tapia\/\",\"name\":\"Referente entre las empresas de productos congelados en Andaluc\u00eda\",\"isPartOf\":{\"@id\":\"https:\/\/www.mtapia.es\/es\/#website\"},\"primaryImageOfPage\":{\"@id\":\"https:\/\/www.mtapia.es\/es\/yo-soy-tapia\/#primaryimage\"},\"datePublished\":\"2017-10-31T08:42:38+00:00\",\"dateModified\":\"2024-02-22T13:42:07+00:00\",\"description\":\"En nuestras modernas instalaciones de 10.000 metros cuadrados de fr\u00edo disponemos de una capacidad de almacenamiento para seis millones de kilos de mercanc\u00eda congelada. Contamos con una flota de 28 camiones, 15 muelles de carga y un cat\u00e1logo de m\u00e1s de 2.500 referencias de productos variados que nos hacen ser referentes en el mercado andaluz.\",\"breadcrumb\":{\"@id\":\"https:\/\/www.mtapia.es\/es\/yo-soy-tapia\/#breadcrumb\"},\"inLanguage\":\"es\",\"potentialAction\":[{\"@type\":\"ReadAction\",\"target\":[\"https:\/\/www.mtapia.es\/es\/yo-soy-tapia\/\"]}]},{\"@type\":\"BreadcrumbList\",\"@id\":\"https:\/\/www.mtapia.es\/es\/yo-soy-tapia\/#breadcrumb\",\"itemListElement\":[{\"@type\":\"ListItem\",\"position\":1,\"name\":\"Portada\",\"item\":\"https:\/\/www.mtapia.es\/es\/\"},{\"@type\":\"ListItem\",\"position\":2,\"name\":\"Yo soy Tapia\"}]}]}<\/script>\n<!-- \/ Yoast SEO plugin. -->","yoast_head_json":{"title":"Referente entre las empresas de productos congelados en Andaluc\u00eda","description":"En nuestras modernas instalaciones de 10.000 metros cuadrados de fr\u00edo disponemos de una capacidad de almacenamiento para seis millones de kilos de mercanc\u00eda congelada. Contamos con una flota de 28 camiones, 15 muelles de carga y un cat\u00e1logo de m\u00e1s de 2.500 referencias de productos variados que nos hacen ser referentes en el mercado andaluz.","robots":{"index":"index","follow":"follow","max-snippet":"max-snippet:-1","max-image-preview":"max-image-preview:large","max-video-preview":"max-video-preview:-1"},"canonical":"https:\/\/www.mtapia.es\/es\/yo-soy-tapia\/","og_locale":"es_ES","og_type":"article","og_title":"Referente entre las empresas de productos congelados en Andaluc\u00eda","og_description":"En nuestras modernas instalaciones de 10.000 metros cuadrados de fr\u00edo disponemos de una capacidad de almacenamiento para seis millones de kilos de mercanc\u00eda congelada. Contamos con una flota de 28 camiones, 15 muelles de carga y un cat\u00e1logo de m\u00e1s de 2.500 referencias de productos variados que nos hacen ser referentes en el mercado andaluz.","og_url":"https:\/\/www.mtapia.es\/es\/yo-soy-tapia\/","og_site_name":"Tapia","article_modified_time":"2024-02-22T13:42:07+00:00","og_image":[{"url":"https:\/\/www.mtapia.es\/es\/wp-content\/uploads\/2024\/02\/Miguel-Tapia-S.L.-ha-recibido-una-ayuda-de-la-Union-Europea-con-cargo-al-Programa-Operativo-FEDER-de-Andalucia-2014-2020-financiada-como-parte-de-la-respuesta-de-la-Union-a-la-pandemia-de-COVID-1.jpg"}],"twitter_misc":{"Tiempo de lectura":"4 minutos"},"schema":{"@context":"https:\/\/schema.org","@graph":[{"@type":"WebSite","@id":"https:\/\/www.mtapia.es\/es\/#website","url":"https:\/\/www.mtapia.es\/es\/","name":"Tapia","description":"","potentialAction":[{"@type":"SearchAction","target":{"@type":"EntryPoint","urlTemplate":"https:\/\/www.mtapia.es\/es\/?s={search_term_string}"},"query-input":"required name=search_term_string"}],"inLanguage":"es"},{"@type":"ImageObject","@id":"https:\/\/www.mtapia.es\/es\/yo-soy-tapia\/#primaryimage","inLanguage":"es","url":"https:\/\/www.mtapia.es\/es\/wp-content\/uploads\/2024\/02\/Miguel-Tapia-S.L.-ha-recibido-una-ayuda-de-la-Union-Europea-con-cargo-al-Programa-Operativo-FEDER-de-Andalucia-2014-2020-financiada-como-parte-de-la-respuesta-de-la-Union-a-la-pandemia-de-COVID-1.jpg","contentUrl":"https:\/\/www.mtapia.es\/es\/wp-content\/uploads\/2024\/02\/Miguel-Tapia-S.L.-ha-recibido-una-ayuda-de-la-Union-Europea-con-cargo-al-Programa-Operativo-FEDER-de-Andalucia-2014-2020-financiada-como-parte-de-la-respuesta-de-la-Union-a-la-pandemia-de-COVID-1.jpg","width":940,"height":788},{"@type":"WebPage","@id":"https:\/\/www.mtapia.es\/es\/yo-soy-tapia\/#webpage","url":"https:\/\/www.mtapia.es\/es\/yo-soy-tapia\/","name":"Referente entre las empresas de productos congelados en Andaluc\u00eda","isPartOf":{"@id":"https:\/\/www.mtapia.es\/es\/#website"},"primaryImageOfPage":{"@id":"https:\/\/www.mtapia.es\/es\/yo-soy-tapia\/#primaryimage"},"datePublished":"2017-10-31T08:42:38+00:00","dateModified":"2024-02-22T13:42:07+00:00","description":"En nuestras modernas instalaciones de 10.000 metros cuadrados de fr\u00edo disponemos de una capacidad de almacenamiento para seis millones de kilos de mercanc\u00eda congelada. Contamos con una flota de 28 camiones, 15 muelles de carga y un cat\u00e1logo de m\u00e1s de 2.500 referencias de productos variados que nos hacen ser referentes en el mercado andaluz.","breadcrumb":{"@id":"https:\/\/www.mtapia.es\/es\/yo-soy-tapia\/#breadcrumb"},"inLanguage":"es","potentialAction":[{"@type":"ReadAction","target":["https:\/\/www.mtapia.es\/es\/yo-soy-tapia\/"]}]},{"@type":"BreadcrumbList","@id":"https:\/\/www.mtapia.es\/es\/yo-soy-tapia\/#breadcrumb","itemListElement":[{"@type":"ListItem","position":1,"name":"Portada","item":"https:\/\/www.mtapia.es\/es\/"},{"@type":"ListItem","position":2,"name":"Yo soy Tapia"}]}]}},"_links":{"self":[{"href":"https:\/\/www.mtapia.es\/es\/wp-json\/wp\/v2\/pages\/7"}],"collection":[{"href":"https:\/\/www.mtapia.es\/es\/wp-json\/wp\/v2\/pages"}],"about":[{"href":"https:\/\/www.mtapia.es\/es\/wp-json\/wp\/v2\/types\/page"}],"author":[{"embeddable":true,"href":"https:\/\/www.mtapia.es\/es\/wp-json\/wp\/v2\/users\/2"}],"replies":[{"embeddable":true,"href":"https:\/\/www.mtapia.es\/es\/wp-json\/wp\/v2\/comments?post=7"}],"version-history":[{"count":40,"href":"https:\/\/www.mtapia.es\/es\/wp-json\/wp\/v2\/pages\/7\/revisions"}],"predecessor-version":[{"id":1207,"href":"https:\/\/www.mtapia.es\/es\/wp-json\/wp\/v2\/pages\/7\/revisions\/1207"}],"wp:attachment":[{"href":"https:\/\/www.mtapia.es\/es\/wp-json\/wp\/v2\/media?parent=7"}],"curies":[{"name":"wp","href":"https:\/\/api.w.org\/{rel}","templated":true}]}}