{"id":13,"date":"2017-10-31T08:43:10","date_gmt":"2017-10-31T08:43:10","guid":{"rendered":"https:\/\/www.mtapia.es\/es\/?page_id=13"},"modified":"2024-02-22T11:28:33","modified_gmt":"2024-02-22T10:28:33","slug":"calidad","status":"publish","type":"page","link":"https:\/\/www.mtapia.es\/es\/calidad\/","title":{"rendered":"Calidad"},"content":{"rendered":"<h1 class=\"fondo-titulo titulo-calidad text-center\">CALIDAD<\/h1>\n<section class=\"container mt-5 mb-5\">\n<div class=\"dos-columnas\">\n<p class=\"texto\">Si nos hemos convertido en distribuidores de productos congelados de calidad para todos nuestros clientes. Esto se debe a que todas nuestras mercanc\u00edas est\u00e1n sometidas a rigurosos controles para cumplir las normativas sanitarias m\u00e1s exigentes del marco territorial.<\/p>\n<p class=\"texto\">De forma exhaustiva se renuevan los registros sanitarios recibidos por el Ministerio de Salud sobre la elaboraci\u00f3n, la distribuci\u00f3n y el almacenamiento de los alimentos que proporcionamos. Por ello y siguiendo sus pautas, conseguimos asegurar que nuestros productos sean apropiados para el consumo.<\/p>\n<\/div>\n<h4 class=\"text-center mt-4 mb-4 wow fadeInLeft\">Apostamos por la calidad, esa es nuestra diferencia, y nos hace l\u00edderes en el mercado.<\/h4>\n<\/section>\n<section class=\"mt-5 mb-5\">\n<div class=\"row\">\n<div class=\"col-md-6 fondo-calidad\"><\/div>\n<div class=\"col-md-6 fondo-gris\">\n<div class=\"espacio-3\">\n<h2 class=\"wow fadeInUp\">\u00bfQu\u00e9 hacemos en la conservaci\u00f3n de los productos para ser distribuidores de productos congelados de calidad?<\/h2>\n<p class=\"texto\">Nunca dejamos que se rompa la cadena de fr\u00edo tanto en el producto que compramos en alta mar como en los obtenidos por nuestros proveedores. Se revisa la recepci\u00f3n de la mercanc\u00eda, las temperaturas durante el transporte y realizamos una revisi\u00f3n completa para garantizar que no haya habido incidencias en la temperatura durante el traslado.<\/p>\n<p class=\"texto\">Posteriormente, introducimos los productos en el muelle de recepci\u00f3n de mercanc\u00edas y las c\u00e1maras frigor\u00edficas, para conservarlos en ultracongelaci\u00f3n. Estas c\u00e1maras deben estar siempre a una temperatura constante, para lo que disponemos de rigurosos sistemas de control y alarmas que nos avisar\u00e1n de cualquier anomal\u00eda.<\/p>\n<span class=\"collapseomatic \" id=\"id69eccdb04d144\"  tabindex=\"0\" title=\"Leer m\u00e1s\"    >Leer m\u00e1s<\/span><div id=\"target-id69eccdb04d144\" class=\"collapseomatic_content \">\n<p class=\"texto\">Una vez empaquetados todos los productos a petici\u00f3n del cliente, procedemos a repartirlos siguiendo las mismas pautas de mantenimiento y conservaci\u00f3n del g\u00e9nero desde su salida hasta su puesta en los puntos de venta de nuestros clientes.<\/p>\n<p class=\"texto\">En cuanto a las medidas medioambientales. Contratamos los servicios de empresas de garant\u00eda certificada para el tratamiento y eliminaci\u00f3n de los residuos y subproductos conforme a la legislaci\u00f3n vigente.<\/p>\n<p class=\"texto\">Todo ello no es m\u00e1s que una prueba fehaciente de por qu\u00e9 somos distribuidores de productos congelados de calidad.<\/p>\n<\/div>\n<\/div>\n<\/div>\n<\/div>\n<\/section>\n<section class=\"container mt-5 mb-5\"><img  title=\"Calidad - Tapia Food Services\" decoding=\"async\" class=\"aligncenter size-full mb-1\" src=\"https:\/\/www.mtapia.es\/es\/wp-content\/uploads\/2018\/03\/logos-subvencion.png\"  alt=\"Calidad - Tapia Food Services\"  \/><\/p>\n<h6><span class=\"OYPEnA text-decoration-none text-strikethrough-none\" style=\"color: #ff0000;\">Miguel Tapia S.L. ha recibido una ayuda de la Uni\u00f3n Europea con cargo al Programa Operativo FEDER de Andaluc\u00eda 2014-2020, financiada como parte de la respuesta de la Uni\u00f3n a la pandemia de COVID-19 (REACT-UE), para compensar el sobrecoste energ\u00e9tico de gas natural y\/o electricidad a pymes y aut\u00f3nomos especialmente afectados por el incremento de los precios del gas natural y la electricidad provocados por el impacto de la guerra de agresi\u00f3n de Rusia contra Ucrania.\u00bb<\/span><\/h6>\n<p class=\"texto text-center\"><small><strong>Fondo Europeo de Desarrollo Regional.<\/strong> MIGUEL TAPIA S.L. ha sido beneficiario del Fondo Europeo de Desarrollo Regional cuyo objetivo es promover el desarrollo tecnol\u00f3gico, la innovaci\u00f3n y una investigaci\u00f3n de calidad; garantizar un mejor uso de las Tecnolog\u00edas de la Informaci\u00f3n y conseguir un tejido empresarial m\u00e1s competitivo y gracias al que ha conseguido presencia Web a trav\u00e9s de una p\u00e1gina propia y desarrollo de material promocional audiovisual para su uso en Internet (fotograf\u00edas y video). Esta acci\u00f3n ha tenido lugar durante el ejercicio 2017\/2018. Para ello, ha contado con el apoyo del Programa TICC\u00e1maras de la C\u00e1mara de Comercio, Industria, Servicios y Navegaci\u00f3n de Sevilla. <strong>Una manera de hacer Europa<\/strong><\/small><\/p>\n<\/section>\n<section class=\"fondo-azul mt-5\">\n<div class=\"row\">\n<div class=\"col-md-9\">\n<div class=\"espacio-1\">\n<h4 class=\"text-center no-margin\">Comprometidos con la excelencia.<\/h4>\n<\/div>\n<\/div>\n<div class=\"col-md-3\">\n<div class=\"espacio-1 text-center\"><a class=\"btn btn-primary wow fadeInRight\" href=\"https:\/\/www.mtapia.es\/es\/contacto\/\">CONTACTAR<\/a><\/div>\n<\/div>\n<\/div>\n<\/section>\n","protected":false},"excerpt":{"rendered":"<p>CALIDAD Si nos hemos convertido en distribuidores de productos congelados de calidad para todos nuestros clientes. Esto se debe a que todas nuestras mercanc\u00edas est\u00e1n sometidas a rigurosos controles para cumplir las normativas sanitarias m\u00e1s exigentes del marco territorial. De forma exhaustiva se renuevan los registros sanitarios recibidos por el Ministerio de Salud sobre la [&#8230;]<\/p>\n<p><a class=\"btn btn-secondary understrap-read-more-link\" href=\"https:\/\/www.mtapia.es\/es\/calidad\/\">Leer m\u00e1s&#8230;<\/a><\/p>\n","protected":false},"author":2,"featured_media":0,"parent":0,"menu_order":0,"comment_status":"closed","ping_status":"closed","template":"page-templates\/empty.php","meta":{"footnotes":""},"yoast_head":"<!-- This site is optimized with the Yoast SEO plugin v18.4.1 - https:\/\/yoast.com\/wordpress\/plugins\/seo\/ -->\n<title>Calidad de Miguel Tapia Food Service - Mayorista de alimentos congelados<\/title>\n<meta name=\"description\" content=\"Si nos hemos convertido en distribuidores de productos congelados de calidad para todos nuestros clientes. Esto se debe a que todas nuestras mercanc\u00edas est\u00e1n sometidas a rigurosos controles para cumplir las normativas sanitarias m\u00e1s exigentes del marco territorial. Accede a nuestros certificados de calidad.\" \/>\n<meta name=\"robots\" content=\"index, follow, max-snippet:-1, max-image-preview:large, max-video-preview:-1\" \/>\n<link rel=\"canonical\" href=\"https:\/\/www.mtapia.es\/es\/calidad\/\" \/>\n<meta property=\"og:locale\" content=\"es_ES\" \/>\n<meta property=\"og:type\" content=\"article\" \/>\n<meta property=\"og:title\" content=\"Calidad de Miguel Tapia Food Service - Mayorista de alimentos congelados\" \/>\n<meta property=\"og:description\" content=\"Si nos hemos convertido en distribuidores de productos congelados de calidad para todos nuestros clientes. Esto se debe a que todas nuestras mercanc\u00edas est\u00e1n sometidas a rigurosos controles para cumplir las normativas sanitarias m\u00e1s exigentes del marco territorial. Accede a nuestros certificados de calidad.\" \/>\n<meta property=\"og:url\" content=\"https:\/\/www.mtapia.es\/es\/calidad\/\" \/>\n<meta property=\"og:site_name\" content=\"Tapia\" \/>\n<meta property=\"article:modified_time\" content=\"2024-02-22T10:28:33+00:00\" \/>\n<meta property=\"og:image\" content=\"https:\/\/www.mtapia.es\/es\/wp-content\/uploads\/2018\/03\/logos-subvencion.png\" \/>\n<meta name=\"twitter:label1\" content=\"Tiempo de lectura\" \/>\n\t<meta name=\"twitter:data1\" content=\"3 minutos\" \/>\n<script type=\"application\/ld+json\" class=\"yoast-schema-graph\">{\"@context\":\"https:\/\/schema.org\",\"@graph\":[{\"@type\":\"WebSite\",\"@id\":\"https:\/\/www.mtapia.es\/es\/#website\",\"url\":\"https:\/\/www.mtapia.es\/es\/\",\"name\":\"Tapia\",\"description\":\"\",\"potentialAction\":[{\"@type\":\"SearchAction\",\"target\":{\"@type\":\"EntryPoint\",\"urlTemplate\":\"https:\/\/www.mtapia.es\/es\/?s={search_term_string}\"},\"query-input\":\"required name=search_term_string\"}],\"inLanguage\":\"es\"},{\"@type\":\"ImageObject\",\"@id\":\"https:\/\/www.mtapia.es\/es\/calidad\/#primaryimage\",\"inLanguage\":\"es\",\"url\":\"https:\/\/www.mtapia.es\/es\/wp-content\/uploads\/2018\/03\/logos-subvencion.png\",\"contentUrl\":\"https:\/\/www.mtapia.es\/es\/wp-content\/uploads\/2018\/03\/logos-subvencion.png\",\"width\":275,\"height\":195},{\"@type\":\"WebPage\",\"@id\":\"https:\/\/www.mtapia.es\/es\/calidad\/#webpage\",\"url\":\"https:\/\/www.mtapia.es\/es\/calidad\/\",\"name\":\"Calidad de Miguel Tapia Food Service - Mayorista de alimentos congelados\",\"isPartOf\":{\"@id\":\"https:\/\/www.mtapia.es\/es\/#website\"},\"primaryImageOfPage\":{\"@id\":\"https:\/\/www.mtapia.es\/es\/calidad\/#primaryimage\"},\"datePublished\":\"2017-10-31T08:43:10+00:00\",\"dateModified\":\"2024-02-22T10:28:33+00:00\",\"description\":\"Si nos hemos convertido en distribuidores de productos congelados de calidad para todos nuestros clientes. Esto se debe a que todas nuestras mercanc\u00edas est\u00e1n sometidas a rigurosos controles para cumplir las normativas sanitarias m\u00e1s exigentes del marco territorial. Accede a nuestros certificados de calidad.\",\"breadcrumb\":{\"@id\":\"https:\/\/www.mtapia.es\/es\/calidad\/#breadcrumb\"},\"inLanguage\":\"es\",\"potentialAction\":[{\"@type\":\"ReadAction\",\"target\":[\"https:\/\/www.mtapia.es\/es\/calidad\/\"]}]},{\"@type\":\"BreadcrumbList\",\"@id\":\"https:\/\/www.mtapia.es\/es\/calidad\/#breadcrumb\",\"itemListElement\":[{\"@type\":\"ListItem\",\"position\":1,\"name\":\"Portada\",\"item\":\"https:\/\/www.mtapia.es\/es\/\"},{\"@type\":\"ListItem\",\"position\":2,\"name\":\"Calidad\"}]}]}<\/script>\n<!-- \/ Yoast SEO plugin. -->","yoast_head_json":{"title":"Calidad de Miguel Tapia Food Service - Mayorista de alimentos congelados","description":"Si nos hemos convertido en distribuidores de productos congelados de calidad para todos nuestros clientes. Esto se debe a que todas nuestras mercanc\u00edas est\u00e1n sometidas a rigurosos controles para cumplir las normativas sanitarias m\u00e1s exigentes del marco territorial. Accede a nuestros certificados de calidad.","robots":{"index":"index","follow":"follow","max-snippet":"max-snippet:-1","max-image-preview":"max-image-preview:large","max-video-preview":"max-video-preview:-1"},"canonical":"https:\/\/www.mtapia.es\/es\/calidad\/","og_locale":"es_ES","og_type":"article","og_title":"Calidad de Miguel Tapia Food Service - Mayorista de alimentos congelados","og_description":"Si nos hemos convertido en distribuidores de productos congelados de calidad para todos nuestros clientes. Esto se debe a que todas nuestras mercanc\u00edas est\u00e1n sometidas a rigurosos controles para cumplir las normativas sanitarias m\u00e1s exigentes del marco territorial. Accede a nuestros certificados de calidad.","og_url":"https:\/\/www.mtapia.es\/es\/calidad\/","og_site_name":"Tapia","article_modified_time":"2024-02-22T10:28:33+00:00","og_image":[{"url":"https:\/\/www.mtapia.es\/es\/wp-content\/uploads\/2018\/03\/logos-subvencion.png"}],"twitter_misc":{"Tiempo de lectura":"3 minutos"},"schema":{"@context":"https:\/\/schema.org","@graph":[{"@type":"WebSite","@id":"https:\/\/www.mtapia.es\/es\/#website","url":"https:\/\/www.mtapia.es\/es\/","name":"Tapia","description":"","potentialAction":[{"@type":"SearchAction","target":{"@type":"EntryPoint","urlTemplate":"https:\/\/www.mtapia.es\/es\/?s={search_term_string}"},"query-input":"required name=search_term_string"}],"inLanguage":"es"},{"@type":"ImageObject","@id":"https:\/\/www.mtapia.es\/es\/calidad\/#primaryimage","inLanguage":"es","url":"https:\/\/www.mtapia.es\/es\/wp-content\/uploads\/2018\/03\/logos-subvencion.png","contentUrl":"https:\/\/www.mtapia.es\/es\/wp-content\/uploads\/2018\/03\/logos-subvencion.png","width":275,"height":195},{"@type":"WebPage","@id":"https:\/\/www.mtapia.es\/es\/calidad\/#webpage","url":"https:\/\/www.mtapia.es\/es\/calidad\/","name":"Calidad de Miguel Tapia Food Service - Mayorista de alimentos congelados","isPartOf":{"@id":"https:\/\/www.mtapia.es\/es\/#website"},"primaryImageOfPage":{"@id":"https:\/\/www.mtapia.es\/es\/calidad\/#primaryimage"},"datePublished":"2017-10-31T08:43:10+00:00","dateModified":"2024-02-22T10:28:33+00:00","description":"Si nos hemos convertido en distribuidores de productos congelados de calidad para todos nuestros clientes. Esto se debe a que todas nuestras mercanc\u00edas est\u00e1n sometidas a rigurosos controles para cumplir las normativas sanitarias m\u00e1s exigentes del marco territorial. Accede a nuestros certificados de calidad.","breadcrumb":{"@id":"https:\/\/www.mtapia.es\/es\/calidad\/#breadcrumb"},"inLanguage":"es","potentialAction":[{"@type":"ReadAction","target":["https:\/\/www.mtapia.es\/es\/calidad\/"]}]},{"@type":"BreadcrumbList","@id":"https:\/\/www.mtapia.es\/es\/calidad\/#breadcrumb","itemListElement":[{"@type":"ListItem","position":1,"name":"Portada","item":"https:\/\/www.mtapia.es\/es\/"},{"@type":"ListItem","position":2,"name":"Calidad"}]}]}},"_links":{"self":[{"href":"https:\/\/www.mtapia.es\/es\/wp-json\/wp\/v2\/pages\/13"}],"collection":[{"href":"https:\/\/www.mtapia.es\/es\/wp-json\/wp\/v2\/pages"}],"about":[{"href":"https:\/\/www.mtapia.es\/es\/wp-json\/wp\/v2\/types\/page"}],"author":[{"embeddable":true,"href":"https:\/\/www.mtapia.es\/es\/wp-json\/wp\/v2\/users\/2"}],"replies":[{"embeddable":true,"href":"https:\/\/www.mtapia.es\/es\/wp-json\/wp\/v2\/comments?post=13"}],"version-history":[{"count":22,"href":"https:\/\/www.mtapia.es\/es\/wp-json\/wp\/v2\/pages\/13\/revisions"}],"predecessor-version":[{"id":1177,"href":"https:\/\/www.mtapia.es\/es\/wp-json\/wp\/v2\/pages\/13\/revisions\/1177"}],"wp:attachment":[{"href":"https:\/\/www.mtapia.es\/es\/wp-json\/wp\/v2\/media?parent=13"}],"curies":[{"name":"wp","href":"https:\/\/api.w.org\/{rel}","templated":true}]}}