{"id":11,"date":"2017-10-31T08:43:02","date_gmt":"2017-10-31T08:43:02","guid":{"rendered":"https:\/\/www.mtapia.es\/es\/?page_id=11"},"modified":"2018-03-15T09:12:54","modified_gmt":"2018-03-15T08:12:54","slug":"ubicacion","status":"publish","type":"page","link":"https:\/\/www.mtapia.es\/es\/ubicacion\/","title":{"rendered":"Ubicaci\u00f3n"},"content":{"rendered":"<h1 class=\"fondo-titulo titulo-ubicacion text-center\">UBICACI\u00d3N<\/h1>\n<div class=\"container mt-5 mb-5\">\n<div class=\"row\">\n<div class=\"col-md-8\"><iframe loading=\"lazy\" style=\"border: 0;\" src=\"https:\/\/www.google.com\/maps\/embed?pb=!1m14!1m8!1m3!1d12655.131827567408!2d-6.0499873!3d37.5366133!3m2!1i1024!2i768!4f13.1!3m3!1m2!1s0x0%3A0x13f998d30f4e52a4!2sMiguel+Tapia!5e0!3m2!1ses!2ses!4v1518526828118\" width=\"100%\" height=\"350\" frameborder=\"0\" allowfullscreen=\"allowfullscreen\"><\/iframe><\/div>\n<div class=\"col-md-4\"><img  title=\"Ubicaci\u00f3n - Tapia Food Services\" decoding=\"async\" class=\"aligncenter mb-3\" src=\"https:\/\/www.mtapia.es\/es\/wp-content\/themes\/tapia\/images\/logotipo.svg\"  alt=\"Ubicaci\u00f3n - Tapia Food Services\"  \/><\/p>\n<p class=\"text-center\">Ctra Torre de la Reina &#8211; Guillena, Km 5.8.<br \/>\n41210. Guillena. Sevilla.<\/p>\n<p class=\"text-center\"><i class=\"fa fa-phone-square\" aria-hidden=\"true\"><\/i> <a href=\"tel:+34954790707\">+34 954 790 707<\/a><br \/>\n<i class=\"fa fa-envelope\" aria-hidden=\"true\"><\/i> congelados@mtapia.es<\/p>\n<\/div>\n<\/div>\n<\/div>\n","protected":false},"excerpt":{"rendered":"<p>UBICACI\u00d3N Ctra Torre de la Reina &#8211; Guillena, Km 5.8. 41210. Guillena. Sevilla. +34 954 790 707 congelados@mtapia.es [&#8230;]<\/p>\n<p><a class=\"btn btn-secondary understrap-read-more-link\" href=\"https:\/\/www.mtapia.es\/es\/ubicacion\/\">Leer m\u00e1s&#8230;<\/a><\/p>\n","protected":false},"author":2,"featured_media":0,"parent":0,"menu_order":0,"comment_status":"closed","ping_status":"closed","template":"page-templates\/empty.php","meta":{"footnotes":""},"yoast_head":"<!-- This site is optimized with the Yoast SEO plugin v18.4.1 - https:\/\/yoast.com\/wordpress\/plugins\/seo\/ -->\n<title>Ubicaci\u00f3n de Tapia Food Service - D\u00f3nde se encuentra Tapia<\/title>\n<meta name=\"description\" content=\"Accede a nuestra web y consulta nuestra ubicaci\u00f3n. Nos encontramos en Guillena, Sevilla. Ponte en contacto con nosotros y cons\u00faltanos lo que necesites.\" \/>\n<meta name=\"robots\" content=\"index, follow, max-snippet:-1, max-image-preview:large, max-video-preview:-1\" \/>\n<link rel=\"canonical\" href=\"https:\/\/www.mtapia.es\/es\/ubicacion\/\" \/>\n<meta property=\"og:locale\" content=\"es_ES\" \/>\n<meta property=\"og:type\" content=\"article\" \/>\n<meta property=\"og:title\" content=\"Ubicaci\u00f3n de Tapia Food Service - D\u00f3nde se encuentra Tapia\" \/>\n<meta property=\"og:description\" content=\"Accede a nuestra web y consulta nuestra ubicaci\u00f3n. Nos encontramos en Guillena, Sevilla. Ponte en contacto con nosotros y cons\u00faltanos lo que necesites.\" \/>\n<meta property=\"og:url\" content=\"https:\/\/www.mtapia.es\/es\/ubicacion\/\" \/>\n<meta property=\"og:site_name\" content=\"Tapia\" \/>\n<meta property=\"article:modified_time\" content=\"2018-03-15T08:12:54+00:00\" \/>\n<meta property=\"og:image\" content=\"https:\/\/www.mtapia.es\/es\/wp-content\/themes\/tapia\/images\/logotipo.svg\" \/>\n<script type=\"application\/ld+json\" class=\"yoast-schema-graph\">{\"@context\":\"https:\/\/schema.org\",\"@graph\":[{\"@type\":\"WebSite\",\"@id\":\"https:\/\/www.mtapia.es\/es\/#website\",\"url\":\"https:\/\/www.mtapia.es\/es\/\",\"name\":\"Tapia\",\"description\":\"\",\"potentialAction\":[{\"@type\":\"SearchAction\",\"target\":{\"@type\":\"EntryPoint\",\"urlTemplate\":\"https:\/\/www.mtapia.es\/es\/?s={search_term_string}\"},\"query-input\":\"required name=search_term_string\"}],\"inLanguage\":\"es\"},{\"@type\":\"ImageObject\",\"@id\":\"https:\/\/www.mtapia.es\/es\/ubicacion\/#primaryimage\",\"inLanguage\":\"es\",\"url\":\"https:\/\/www.mtapia.es\/es\/wp-content\/themes\/tapia\/images\/logotipo.svg\",\"contentUrl\":\"https:\/\/www.mtapia.es\/es\/wp-content\/themes\/tapia\/images\/logotipo.svg\"},{\"@type\":\"WebPage\",\"@id\":\"https:\/\/www.mtapia.es\/es\/ubicacion\/#webpage\",\"url\":\"https:\/\/www.mtapia.es\/es\/ubicacion\/\",\"name\":\"Ubicaci\u00f3n de Tapia Food Service - D\u00f3nde se encuentra Tapia\",\"isPartOf\":{\"@id\":\"https:\/\/www.mtapia.es\/es\/#website\"},\"primaryImageOfPage\":{\"@id\":\"https:\/\/www.mtapia.es\/es\/ubicacion\/#primaryimage\"},\"datePublished\":\"2017-10-31T08:43:02+00:00\",\"dateModified\":\"2018-03-15T08:12:54+00:00\",\"description\":\"Accede a nuestra web y consulta nuestra ubicaci\u00f3n. Nos encontramos en Guillena, Sevilla. Ponte en contacto con nosotros y cons\u00faltanos lo que necesites.\",\"breadcrumb\":{\"@id\":\"https:\/\/www.mtapia.es\/es\/ubicacion\/#breadcrumb\"},\"inLanguage\":\"es\",\"potentialAction\":[{\"@type\":\"ReadAction\",\"target\":[\"https:\/\/www.mtapia.es\/es\/ubicacion\/\"]}]},{\"@type\":\"BreadcrumbList\",\"@id\":\"https:\/\/www.mtapia.es\/es\/ubicacion\/#breadcrumb\",\"itemListElement\":[{\"@type\":\"ListItem\",\"position\":1,\"name\":\"Portada\",\"item\":\"https:\/\/www.mtapia.es\/es\/\"},{\"@type\":\"ListItem\",\"position\":2,\"name\":\"Ubicaci\u00f3n\"}]}]}<\/script>\n<!-- \/ Yoast SEO plugin. -->","yoast_head_json":{"title":"Ubicaci\u00f3n de Tapia Food Service - D\u00f3nde se encuentra Tapia","description":"Accede a nuestra web y consulta nuestra ubicaci\u00f3n. Nos encontramos en Guillena, Sevilla. Ponte en contacto con nosotros y cons\u00faltanos lo que necesites.","robots":{"index":"index","follow":"follow","max-snippet":"max-snippet:-1","max-image-preview":"max-image-preview:large","max-video-preview":"max-video-preview:-1"},"canonical":"https:\/\/www.mtapia.es\/es\/ubicacion\/","og_locale":"es_ES","og_type":"article","og_title":"Ubicaci\u00f3n de Tapia Food Service - D\u00f3nde se encuentra Tapia","og_description":"Accede a nuestra web y consulta nuestra ubicaci\u00f3n. Nos encontramos en Guillena, Sevilla. Ponte en contacto con nosotros y cons\u00faltanos lo que necesites.","og_url":"https:\/\/www.mtapia.es\/es\/ubicacion\/","og_site_name":"Tapia","article_modified_time":"2018-03-15T08:12:54+00:00","og_image":[{"url":"https:\/\/www.mtapia.es\/es\/wp-content\/themes\/tapia\/images\/logotipo.svg"}],"schema":{"@context":"https:\/\/schema.org","@graph":[{"@type":"WebSite","@id":"https:\/\/www.mtapia.es\/es\/#website","url":"https:\/\/www.mtapia.es\/es\/","name":"Tapia","description":"","potentialAction":[{"@type":"SearchAction","target":{"@type":"EntryPoint","urlTemplate":"https:\/\/www.mtapia.es\/es\/?s={search_term_string}"},"query-input":"required name=search_term_string"}],"inLanguage":"es"},{"@type":"ImageObject","@id":"https:\/\/www.mtapia.es\/es\/ubicacion\/#primaryimage","inLanguage":"es","url":"https:\/\/www.mtapia.es\/es\/wp-content\/themes\/tapia\/images\/logotipo.svg","contentUrl":"https:\/\/www.mtapia.es\/es\/wp-content\/themes\/tapia\/images\/logotipo.svg"},{"@type":"WebPage","@id":"https:\/\/www.mtapia.es\/es\/ubicacion\/#webpage","url":"https:\/\/www.mtapia.es\/es\/ubicacion\/","name":"Ubicaci\u00f3n de Tapia Food Service - D\u00f3nde se encuentra Tapia","isPartOf":{"@id":"https:\/\/www.mtapia.es\/es\/#website"},"primaryImageOfPage":{"@id":"https:\/\/www.mtapia.es\/es\/ubicacion\/#primaryimage"},"datePublished":"2017-10-31T08:43:02+00:00","dateModified":"2018-03-15T08:12:54+00:00","description":"Accede a nuestra web y consulta nuestra ubicaci\u00f3n. Nos encontramos en Guillena, Sevilla. Ponte en contacto con nosotros y cons\u00faltanos lo que necesites.","breadcrumb":{"@id":"https:\/\/www.mtapia.es\/es\/ubicacion\/#breadcrumb"},"inLanguage":"es","potentialAction":[{"@type":"ReadAction","target":["https:\/\/www.mtapia.es\/es\/ubicacion\/"]}]},{"@type":"BreadcrumbList","@id":"https:\/\/www.mtapia.es\/es\/ubicacion\/#breadcrumb","itemListElement":[{"@type":"ListItem","position":1,"name":"Portada","item":"https:\/\/www.mtapia.es\/es\/"},{"@type":"ListItem","position":2,"name":"Ubicaci\u00f3n"}]}]}},"_links":{"self":[{"href":"https:\/\/www.mtapia.es\/es\/wp-json\/wp\/v2\/pages\/11"}],"collection":[{"href":"https:\/\/www.mtapia.es\/es\/wp-json\/wp\/v2\/pages"}],"about":[{"href":"https:\/\/www.mtapia.es\/es\/wp-json\/wp\/v2\/types\/page"}],"author":[{"embeddable":true,"href":"https:\/\/www.mtapia.es\/es\/wp-json\/wp\/v2\/users\/2"}],"replies":[{"embeddable":true,"href":"https:\/\/www.mtapia.es\/es\/wp-json\/wp\/v2\/comments?post=11"}],"version-history":[{"count":9,"href":"https:\/\/www.mtapia.es\/es\/wp-json\/wp\/v2\/pages\/11\/revisions"}],"predecessor-version":[{"id":1089,"href":"https:\/\/www.mtapia.es\/es\/wp-json\/wp\/v2\/pages\/11\/revisions\/1089"}],"wp:attachment":[{"href":"https:\/\/www.mtapia.es\/es\/wp-json\/wp\/v2\/media?parent=11"}],"curies":[{"name":"wp","href":"https:\/\/api.w.org\/{rel}","templated":true}]}}